{"id":1219,"date":"2025-04-15T11:53:48","date_gmt":"2025-04-15T11:53:48","guid":{"rendered":"https:\/\/klimade.testovacka.sk\/zasady-pouzivania-suborov-cookie\/"},"modified":"2025-06-05T15:03:21","modified_gmt":"2025-06-05T15:03:21","slug":"zasady-pouzivania-suborov-cookie","status":"publish","type":"page","link":"https:\/\/weissklima.at\/sk\/zasady-pouzivania-suborov-cookie\/","title":{"rendered":"Z\u00e1sady pou\u017e\u00edvania s\u00faborov cookie"},"content":{"rendered":"<p>Z\u00e1sady pou\u017e\u00edvania cookies<\/p>\n<p>1. Na\u0161a internetov\u00e1 str\u00e1nka: www.weissklima.at pou\u017e\u00edva s\u00fabory cookies.<\/p>\n<p>2. S\u00fabor cookie je jednoduch\u00fd textov\u00fd s\u00fabor (obvykle s ve\u013ekos\u0165ou nieko\u013ek\u00fdch kilobytov), ktor\u00fd internetov\u00e9 str\u00e1nky posielaj\u00fa webov\u00e9mu prehliada\u010du u\u017e\u00edvate\u013ea, ke\u010f pou\u017e\u00edvate\u013e nav\u0161t\u00edvi internetov\u00e9 str\u00e1nky. Cookies plnia cel\u00fd rad ni\u017e\u0161ie pop\u00edsan\u00fdch funkci\u00ed, v\u010faka ktor\u00fdm bude Va\u0161a bud\u00faca n\u00e1v\u0161teva na\u0161ich internetov\u00fdch str\u00e1nok jednoduch\u0161ia a produkt\u00edvnej\u0161ia. S\u00fabory cookies s\u00fa d\u00f4le\u017eit\u00e9. Bez nich by bolo surfovanie po internete ove\u013ea zlo\u017eitej\u0161ie. Pri ich vyu\u017e\u00edvan\u00ed z\u00e1rove\u0148 re\u0161pektujeme s\u00fakromie ka\u017ed\u00e9ho, kto na\u0161u internetov\u00fa str\u00e1nku nav\u0161t\u00edvi.<\/p>\n<p>3. Cookies pou\u017e\u00edvan\u00e9 na na\u0161ej internetovej str\u00e1nke mo\u017eno pod\u013ea ich funkcie rozdeli\u0165 nasledovne:<\/p>\n<ul>\n<li>\u00daplne nevyhnutn\u00e9 s\u00fabory cookies, ktor\u00e9 s\u00fa potrebn\u00e9 na technick\u00e9 zabezpe\u010denie z\u00e1kladn\u00fdch funkci\u00ed internetov\u00fdch str\u00e1nok a bez ktor\u00fdch by internetov\u00e9 str\u00e1nky nemohli spr\u00e1vne fungova\u0165.<\/li>\n<li>S\u00fabory cookies pre lep\u0161iu funk\u010dnos\u0165, ktor\u00e9 technicky zais\u0165uj\u00fa niektor\u00e9 funkcie internetov\u00fdch str\u00e1nok sl\u00fa\u017eiace najm\u00e4 na ich personaliz\u00e1ciu a na v\u00fdrazn\u00e9 zv\u00fd\u0161enie u\u017e\u00edvate\u013esk\u00e9ho komfortu pri ich vyu\u017e\u00edvan\u00ed.<\/li>\n<li>S\u00fabory cookies na zv\u00fd\u0161enie v\u00fdkonu, ktor\u00e9 sleduj\u00fa, ko\u013eko u\u017e\u00edvate\u013eov a z ak\u00fdch zdrojov na internetov\u00e9 str\u00e1nky pri\u0161lo, a tie\u017e monitoruj\u00fa spr\u00e1vanie u\u017e\u00edvate\u013eov na internetov\u00fdch str\u00e1nkach, napr. ak\u00e9 ponuky si prezerali, na ak\u00e9 odkazy klikali alebo ak\u00e9 funkcie vyu\u017e\u00edvali. Z\u00edskan\u00e9 inform\u00e1cie potom vyu\u017e\u00edvame na anal\u00fdzu prev\u00e1dzky a v\u00fdkonu internetov\u00fdch str\u00e1nok s cie\u013eom zlep\u0161ova\u0165 ich funk\u010dnos\u0165 a zaisti\u0165 u\u017e\u00edvate\u013esky pr\u00edvetiv\u00fa sk\u00fasenos\u0165.<\/li>\n<li>Cielen\u00e9 s\u00fabory cookies, ktor\u00e9 monitoruj\u00fa spr\u00e1vanie u\u017e\u00edvate\u013ea na internetov\u00fdch str\u00e1nkach a umo\u017e\u0148uj\u00fa jeho anal\u00fdzu za \u00fa\u010delom n\u00e1sledn\u00e9ho zobrazovania personalizovan\u00fdch pon\u00fak a rekl\u00e1m prisp\u00f4soben\u00fdch na mieru z\u00e1ujmom dan\u00e9ho u\u017e\u00edvate\u013ea, a to aj na in\u00fdch internetov\u00fdch str\u00e1nkach, a to vr\u00e1tane soci\u00e1lnych siet\u00ed.<\/li>\n<\/ul>\n<p>4. K vyu\u017e\u00edvaniu jednotliv\u00fdch skup\u00edn cookies (s v\u00fdnimkou absol\u00fatne nevyhnutn\u00fdch cookies) doch\u00e1dza iba v pr\u00edpade, ak s t\u00fdm vyjadr\u00edte s\u00fahlas zvolen\u00edm mo\u017enosti \u201ePrija\u0165 v\u0161etky s\u00fabory cookies\u201c na spodnej vyskakovacej li\u0161te, resp. zvolen\u00edm mo\u017enosti \u201ePovoli\u0165 v\u0161etko\u201c, pr\u00edp. za\u0161krtnut\u00edm jednotliv\u00fdch skup\u00edn cookies a n\u00e1sledn\u00fdm zvolen\u00edm mo\u017enosti \u201ePotvrdi\u0165 moje vo\u013eby\u201c v Nastaveniach s\u00faborov cookies.<\/p>\n<p>5. V Nastaveniach s\u00faborov cookies je mo\u017en\u00e9 tie\u017e zru\u0161en\u00edm za\u0161krtnutia jednotliv\u00fdch skup\u00edn cookies a zvolen\u00edm mo\u017enosti \u201ePotvrdi\u0165 moje vo\u013eby\u201c s\u00fahlas odvola\u0165, a vyu\u017e\u00edvanie jednotliv\u00fdch skup\u00edn cookies (s v\u00fdnimkou absol\u00fatne nevyhnutn\u00fdch cookies) t\u00fdm kedyko\u013evek jednoducho zak\u00e1za\u0165. Z\u00e1kaz je okrem toho mo\u017en\u00e9 vykona\u0165 aj v nastaven\u00ed webov\u00e9ho prehliada\u010da, popr. jeho prepnut\u00edm do tzv. anonymn\u00e9ho re\u017eimu. Je mo\u017en\u00e9 tie\u017e ru\u010dne vymaza\u0165 cookies, ktor\u00e9 u\u017e boli prehliada\u010dom ulo\u017een\u00e9.<\/p>\n<p>6. Nevyjadrenie s\u00fahlasu, resp. zak\u00e1zanie vyu\u017e\u00edvania cookies nem\u00e1 za n\u00e1sledok celkov\u00fa nemo\u017enos\u0165 vyu\u017e\u00edva\u0165 na\u0161u internetov\u00fa str\u00e1nku; pokia\u013e v\u0161ak jednotliv\u00e9 skupiny cookies zak\u00e1\u017eete, m\u00f4\u017eete t\u00fdm strati\u0165 mo\u017enos\u0165 vyu\u017e\u00edva\u0165 niektor\u00e9 s\u00fa\u010dasti a funkcie na\u0161ej internetovej str\u00e1nky.<\/p>\n<p>7. Vy\u0161\u0161ie uveden\u00e9 zhroma\u017e\u010fovanie a vyu\u017e\u00edvanie cookies m\u00f4\u017ee by\u0165 pova\u017eovan\u00e9 za spracovanie osobn\u00fdch \u00fadajov. Vz\u0165ahuj\u00fa sa na ne preto aj na\u0161e v\u0161eobecn\u00e9 inform\u00e1cie o spracovan\u00ed osobn\u00fdch \u00fadajov. Pr\u00e1vnym z\u00e1kladom pre samotn\u00e9 ukladanie cookies do V\u00e1\u0161ho prehliada\u010da je (s v\u00fdnimkou absol\u00fatne nevyhnutn\u00fdch cookies) V\u00e1\u0161 s\u00fahlas. N\u00e1sledn\u00e9 spracovanie osobn\u00fdch \u00fadajov z\u00edskan\u00fdch prostredn\u00edctvom cookies potom prebieha tie\u017e na z\u00e1klade na\u0161ich opr\u00e1vnen\u00fdch z\u00e1ujmov, ktor\u00fdmi s\u00fa najm\u00e4 zaistenie funk\u010dnosti a bezpe\u010dnosti internetov\u00fdch str\u00e1nok, u\u017e\u00edvate\u013esk\u00e9ho komfortu pri ich vyu\u017e\u00edvan\u00ed a efekt\u00edvnej prezent\u00e1cie pon\u00fakan\u00fdch slu\u017eieb a rekl\u00e1m existuj\u00facim i potenci\u00e1lnym klientom. Vo\u010di spracovaniu Va\u0161ich osobn\u00fdch \u00fadajov na z\u00e1klade opr\u00e1vnen\u00e9ho z\u00e1ujmu m\u00f4\u017eete vznies\u0165 n\u00e1mietku. Pri spracovan\u00ed z\u00edskan\u00fdch \u00fadajov o preferenci\u00e1ch u\u017e\u00edvate\u013eov m\u00f4\u017ee doch\u00e1dza\u0165 tie\u017e k automatizovan\u00e9mu rozhodovaniu a profilovaniu.<\/p>\n<p>8. Na\u0161a internetov\u00e1 str\u00e1nka m\u00f4\u017ee pou\u017e\u00edva\u0165 Google Analytics, anonymn\u00e9 s\u00fabory cookies poskytovan\u00e9 spolo\u010dnos\u0165ou Google Inc. (\u010falej ako \u201eGoogle\u201c) na monitoring vyu\u017eitia a poskytovania anal\u00fdzy internetov\u00fdch str\u00e1nok, k \u010domu ude\u013eujete svojou s\u00fahlas. D\u00e1ta generovan\u00e9 t\u00fdmito cookies s\u00fa pren\u00e1\u0161an\u00e9 spolo\u010dnosti Google, ktor\u00e1 ich pou\u017e\u00edva na anal\u00fdzu vyu\u017eitia na\u0161ich internetov\u00fdch str\u00e1nok a na poskytovanie \u010fal\u0161\u00edch slu\u017eieb vz\u0165ahuj\u00facich sa k aktivit\u00e1m u\u017e\u00edvate\u013eov na t\u00fdchto internetov\u00fdch str\u00e1nkach a na internete. Google m\u00f4\u017ee tieto inform\u00e1cie zdie\u013ea\u0165 s \u010fal\u0161\u00edmi tret\u00edmi stranami, ak je to vy\u017eadovan\u00e9 z\u00e1konom, alebo ak tieto tretie strany spracov\u00e1vaj\u00fa inform\u00e1cie pre spolo\u010dnos\u0165 Google. D\u00e1ta z\u00edskan\u00e9 prostredn\u00edctvom Google Analytics s\u00fa spracov\u00e1van\u00e9 iba v anonymizovanej podobe a Google ich nebude sp\u00e1ja\u0165 so \u017eiadnymi in\u00fdmi \u00fadajmi, ktor\u00e9 o pou\u017e\u00edvate\u013eoch spracov\u00e1va.<\/p>\n<p>9. Cookies s\u00fa ulo\u017een\u00e9 po dobu nastaven\u00fa pre jednotliv\u00e9 typy cookies.<\/p>\n<p>10. T\u00fato internetov\u00fa str\u00e1nku vlastn\u00ed a prev\u00e1dzkuje spolo\u010dnos\u0165 Klimatechnik Weiss, s.r.o., so s\u00eddlom Brnianska 2714\/2, 911 05 Tren\u010d\u00edn, I\u010cO: 53 310 144, zap\u00edsan\u00e1 v Obchodnom registri Okresn\u00e9ho s\u00fadu Tren\u010d\u00edn, v oddiele Sro, vo vlo\u017eke \u010d. 40763\/R.<\/p>\n<p>M\u00f4\u017eete n\u00e1s kontaktova\u0165 nasledovne:<\/p>\n<ul>\n<li>telefonicky na telef\u00f3nnom \u010d\u00edsle uvedenom na na\u0161ej webovej str\u00e1nke,<\/li>\n<li>e-mailom na e-mailov\u00fa adresu uveden\u00fa na na\u0161ej webovej str\u00e1nke.<\/li>\n<\/ul>\n","protected":false},"excerpt":{"rendered":"<p>Z\u00e1sady pou\u017e\u00edvania cookies 1. Na\u0161a internetov\u00e1 str\u00e1nka: www.weissklima.at pou\u017e\u00edva s\u00fabory cookies. 2. S\u00fabor cookie je jednoduch\u00fd textov\u00fd s\u00fabor (obvykle s ve\u013ekos\u0165ou nieko\u013ek\u00fdch kilobytov), ktor\u00fd internetov\u00e9 str\u00e1nky posielaj\u00fa webov\u00e9mu prehliada\u010du u\u017e\u00edvate\u013ea, ke\u010f pou\u017e\u00edvate\u013e nav\u0161t\u00edvi internetov\u00e9 str\u00e1nky. Cookies plnia cel\u00fd rad ni\u017e\u0161ie pop\u00edsan\u00fdch funkci\u00ed, v\u010faka ktor\u00fdm bude Va\u0161a bud\u00faca n\u00e1v\u0161teva na\u0161ich internetov\u00fdch str\u00e1nok jednoduch\u0161ia a produkt\u00edvnej\u0161ia. S\u00fabory [&hellip;]<\/p>\n","protected":false},"author":2,"featured_media":1363,"parent":0,"menu_order":0,"comment_status":"closed","ping_status":"closed","template":"","meta":{"_acf_changed":false,"inline_featured_image":false,"_glsr_average":0,"_glsr_ranking":0,"_glsr_reviews":0,"footnotes":""},"class_list":["post-1219","page","type-page","status-publish","has-post-thumbnail","hentry"],"acf":[],"rankMath":{"parentDomain":"weissklima.at","noFollowDomains":[],"noFollowExcludeDomains":[],"noFollowExternalLinks":false,"featuredImageNotice":"The featured image should be at least 200 by 200 pixels to be picked up by Facebook and other social media sites.","pluginReviewed":false,"postSettings":{"linkSuggestions":true,"useFocusKeyword":false},"frontEndScore":false,"postName":"zasady-pouzivania-suborov-cookie","permalinkFormat":"https:\/\/weissklima.at\/sk\/%pagename%\/","showLockModifiedDate":true,"assessor":{"focusKeywordLink":"https:\/\/weissklima.at\/wp-admin\/edit.php?focus_keyword=%focus_keyword%&post_type=%post_type%","hasTOCPlugin":false,"primaryTaxonomy":false,"serpData":{"title":"","description":"","focusKeywords":"","pillarContent":false,"canonicalUrl":"","breadcrumbTitle":"","advancedRobots":[],"facebookTitle":"","facebookDescription":"","facebookImage":"","facebookImageID":"","facebookHasOverlay":false,"facebookImageOverlay":"","facebookAuthor":"","twitterCardType":"","twitterUseFacebook":true,"twitterTitle":"","twitterDescription":"","twitterImage":"","twitterImageID":"","twitterHasOverlay":false,"twitterImageOverlay":"","twitterPlayerUrl":"","twitterPlayerSize":"","twitterPlayerStream":"","twitterPlayerStreamCtype":"","twitterAppDescription":"","twitterAppIphoneName":"","twitterAppIphoneID":"","twitterAppIphoneUrl":"","twitterAppIpadName":"","twitterAppIpadID":"","twitterAppIpadUrl":"","twitterAppGoogleplayName":"","twitterAppGoogleplayID":"","twitterAppGoogleplayUrl":"","twitterAppCountry":"","robots":{"index":true},"twitterAuthor":"username","primaryTerm":0,"authorName":"karol","titleTemplate":"%title% %sep% %sitename%","descriptionTemplate":"%excerpt%","showScoreFrontend":true,"lockModifiedDate":false},"powerWords":[],"diacritics":{"A":"[\\u0041\\u24B6\\uFF21\\u00C0\\u00C1\\u00C2\\u1EA6\\u1EA4\\u1EAA\\u1EA8\\u00C3\\u0100\\u0102\\u1EB0\\u1EAE\\u1EB4\\u1EB2\\u0226\\u01E0\\u00C4\\u01DE\\u1EA2\\u00C5\\u01FA\\u01CD\\u0200\\u0202\\u1EA0\\u1EAC\\u1EB6\\u1E00\\u0104\\u023A\\u2C6F]","AA":"[\\uA732]","AE":"[\\u00C6\\u01FC\\u01E2]","AO":"[\\uA734]","AU":"[\\uA736]","AV":"[\\uA738\\uA73A]","AY":"[\\uA73C]","B":"[\\u0042\\u24B7\\uFF22\\u1E02\\u1E04\\u1E06\\u0243\\u0182\\u0181]","C":"[\\u0043\\u24B8\\uFF23\\u0106\\u0108\\u010A\\u010C\\u00C7\\u1E08\\u0187\\u023B\\uA73E]","D":"[\\u0044\\u24B9\\uFF24\\u1E0A\\u010E\\u1E0C\\u1E10\\u1E12\\u1E0E\\u0110\\u018B\\u018A\\u0189\\uA779]","DZ":"[\\u01F1\\u01C4]","Dz":"[\\u01F2\\u01C5]","E":"[\\u0045\\u24BA\\uFF25\\u00C8\\u00C9\\u00CA\\u1EC0\\u1EBE\\u1EC4\\u1EC2\\u1EBC\\u0112\\u1E14\\u1E16\\u0114\\u0116\\u00CB\\u1EBA\\u011A\\u0204\\u0206\\u1EB8\\u1EC6\\u0228\\u1E1C\\u0118\\u1E18\\u1E1A\\u0190\\u018E]","F":"[\\u0046\\u24BB\\uFF26\\u1E1E\\u0191\\uA77B]","G":"[\\u0047\\u24BC\\uFF27\\u01F4\\u011C\\u1E20\\u011E\\u0120\\u01E6\\u0122\\u01E4\\u0193\\uA7A0\\uA77D\\uA77E]","H":"[\\u0048\\u24BD\\uFF28\\u0124\\u1E22\\u1E26\\u021E\\u1E24\\u1E28\\u1E2A\\u0126\\u2C67\\u2C75\\uA78D]","I":"[\\u0049\\u24BE\\uFF29\\u00CC\\u00CD\\u00CE\\u0128\\u012A\\u012C\\u0130\\u00CF\\u1E2E\\u1EC8\\u01CF\\u0208\\u020A\\u1ECA\\u012E\\u1E2C\\u0197]","J":"[\\u004A\\u24BF\\uFF2A\\u0134\\u0248]","K":"[\\u004B\\u24C0\\uFF2B\\u1E30\\u01E8\\u1E32\\u0136\\u1E34\\u0198\\u2C69\\uA740\\uA742\\uA744\\uA7A2]","L":"[\\u004C\\u24C1\\uFF2C\\u013F\\u0139\\u013D\\u1E36\\u1E38\\u013B\\u1E3C\\u1E3A\\u0141\\u023D\\u2C62\\u2C60\\uA748\\uA746\\uA780]","LJ":"[\\u01C7]","Lj":"[\\u01C8]","M":"[\\u004D\\u24C2\\uFF2D\\u1E3E\\u1E40\\u1E42\\u2C6E\\u019C]","N":"[\\u004E\\u24C3\\uFF2E\\u01F8\\u0143\\u00D1\\u1E44\\u0147\\u1E46\\u0145\\u1E4A\\u1E48\\u0220\\u019D\\uA790\\uA7A4]","NJ":"[\\u01CA]","Nj":"[\\u01CB]","O":"[\\u004F\\u24C4\\uFF2F\\u00D2\\u00D3\\u00D4\\u1ED2\\u1ED0\\u1ED6\\u1ED4\\u00D5\\u1E4C\\u022C\\u1E4E\\u014C\\u1E50\\u1E52\\u014E\\u022E\\u0230\\u00D6\\u022A\\u1ECE\\u0150\\u01D1\\u020C\\u020E\\u01A0\\u1EDC\\u1EDA\\u1EE0\\u1EDE\\u1EE2\\u1ECC\\u1ED8\\u01EA\\u01EC\\u00D8\\u01FE\\u0186\\u019F\\uA74A\\uA74C]","OI":"[\\u01A2]","OO":"[\\uA74E]","OU":"[\\u0222]","P":"[\\u0050\\u24C5\\uFF30\\u1E54\\u1E56\\u01A4\\u2C63\\uA750\\uA752\\uA754]","Q":"[\\u0051\\u24C6\\uFF31\\uA756\\uA758\\u024A]","R":"[\\u0052\\u24C7\\uFF32\\u0154\\u1E58\\u0158\\u0210\\u0212\\u1E5A\\u1E5C\\u0156\\u1E5E\\u024C\\u2C64\\uA75A\\uA7A6\\uA782]","S":"[\\u0053\\u24C8\\uFF33\\u1E9E\\u015A\\u1E64\\u015C\\u1E60\\u0160\\u1E66\\u1E62\\u1E68\\u0218\\u015E\\u2C7E\\uA7A8\\uA784]","T":"[\\u0054\\u24C9\\uFF34\\u1E6A\\u0164\\u1E6C\\u021A\\u0162\\u1E70\\u1E6E\\u0166\\u01AC\\u01AE\\u023E\\uA786]","TZ":"[\\uA728]","U":"[\\u0055\\u24CA\\uFF35\\u00D9\\u00DA\\u00DB\\u0168\\u1E78\\u016A\\u1E7A\\u016C\\u00DC\\u01DB\\u01D7\\u01D5\\u01D9\\u1EE6\\u016E\\u0170\\u01D3\\u0214\\u0216\\u01AF\\u1EEA\\u1EE8\\u1EEE\\u1EEC\\u1EF0\\u1EE4\\u1E72\\u0172\\u1E76\\u1E74\\u0244]","V":"[\\u0056\\u24CB\\uFF36\\u1E7C\\u1E7E\\u01B2\\uA75E\\u0245]","VY":"[\\uA760]","W":"[\\u0057\\u24CC\\uFF37\\u1E80\\u1E82\\u0174\\u1E86\\u1E84\\u1E88\\u2C72]","X":"[\\u0058\\u24CD\\uFF38\\u1E8A\\u1E8C]","Y":"[\\u0059\\u24CE\\uFF39\\u1EF2\\u00DD\\u0176\\u1EF8\\u0232\\u1E8E\\u0178\\u1EF6\\u1EF4\\u01B3\\u024E\\u1EFE]","Z":"[\\u005A\\u24CF\\uFF3A\\u0179\\u1E90\\u017B\\u017D\\u1E92\\u1E94\\u01B5\\u0224\\u2C7F\\u2C6B\\uA762]","a":"[\\u0061\\u24D0\\uFF41\\u1E9A\\u00E0\\u00E1\\u00E2\\u1EA7\\u1EA5\\u1EAB\\u1EA9\\u00E3\\u0101\\u0103\\u1EB1\\u1EAF\\u1EB5\\u1EB3\\u0227\\u01E1\\u00E4\\u01DF\\u1EA3\\u00E5\\u01FB\\u01CE\\u0201\\u0203\\u1EA1\\u1EAD\\u1EB7\\u1E01\\u0105\\u2C65\\u0250]","aa":"[\\uA733]","ae":"[\\u00E6\\u01FD\\u01E3]","ao":"[\\uA735]","au":"[\\uA737]","av":"[\\uA739\\uA73B]","ay":"[\\uA73D]","b":"[\\u0062\\u24D1\\uFF42\\u1E03\\u1E05\\u1E07\\u0180\\u0183\\u0253]","c":"[\\u0063\\u24D2\\uFF43\\u0107\\u0109\\u010B\\u010D\\u00E7\\u1E09\\u0188\\u023C\\uA73F\\u2184]","d":"[\\u0064\\u24D3\\uFF44\\u1E0B\\u010F\\u1E0D\\u1E11\\u1E13\\u1E0F\\u0111\\u018C\\u0256\\u0257\\uA77A]","dz":"[\\u01F3\\u01C6]","e":"[\\u0065\\u24D4\\uFF45\\u00E8\\u00E9\\u00EA\\u1EC1\\u1EBF\\u1EC5\\u1EC3\\u1EBD\\u0113\\u1E15\\u1E17\\u0115\\u0117\\u00EB\\u1EBB\\u011B\\u0205\\u0207\\u1EB9\\u1EC7\\u0229\\u1E1D\\u0119\\u1E19\\u1E1B\\u0247\\u025B\\u01DD]","f":"[\\u0066\\u24D5\\uFF46\\u1E1F\\u0192\\uA77C]","g":"[\\u0067\\u24D6\\uFF47\\u01F5\\u011D\\u1E21\\u011F\\u0121\\u01E7\\u0123\\u01E5\\u0260\\uA7A1\\u1D79\\uA77F]","h":"[\\u0068\\u24D7\\uFF48\\u0125\\u1E23\\u1E27\\u021F\\u1E25\\u1E29\\u1E2B\\u1E96\\u0127\\u2C68\\u2C76\\u0265]","hv":"[\\u0195]","i":"[\\u0069\\u24D8\\uFF49\\u00EC\\u00ED\\u00EE\\u0129\\u012B\\u012D\\u00EF\\u1E2F\\u1EC9\\u01D0\\u0209\\u020B\\u1ECB\\u012F\\u1E2D\\u0268\\u0131]","j":"[\\u006A\\u24D9\\uFF4A\\u0135\\u01F0\\u0249]","k":"[\\u006B\\u24DA\\uFF4B\\u1E31\\u01E9\\u1E33\\u0137\\u1E35\\u0199\\u2C6A\\uA741\\uA743\\uA745\\uA7A3]","l":"[\\u006C\\u24DB\\uFF4C\\u0140\\u013A\\u013E\\u1E37\\u1E39\\u013C\\u1E3D\\u1E3B\\u017F\\u0142\\u019A\\u026B\\u2C61\\uA749\\uA781\\uA747]","lj":"[\\u01C9]","m":"[\\u006D\\u24DC\\uFF4D\\u1E3F\\u1E41\\u1E43\\u0271\\u026F]","n":"[\\u006E\\u24DD\\uFF4E\\u01F9\\u0144\\u00F1\\u1E45\\u0148\\u1E47\\u0146\\u1E4B\\u1E49\\u019E\\u0272\\u0149\\uA791\\uA7A5]","nj":"[\\u01CC]","o":"[\\u006F\\u24DE\\uFF4F\\u00F2\\u00F3\\u00F4\\u1ED3\\u1ED1\\u1ED7\\u1ED5\\u00F5\\u1E4D\\u022D\\u1E4F\\u014D\\u1E51\\u1E53\\u014F\\u022F\\u0231\\u00F6\\u022B\\u1ECF\\u0151\\u01D2\\u020D\\u020F\\u01A1\\u1EDD\\u1EDB\\u1EE1\\u1EDF\\u1EE3\\u1ECD\\u1ED9\\u01EB\\u01ED\\u00F8\\u01FF\\u0254\\uA74B\\uA74D\\u0275]","oi":"[\\u01A3]","ou":"[\\u0223]","oo":"[\\uA74F]","p":"[\\u0070\\u24DF\\uFF50\\u1E55\\u1E57\\u01A5\\u1D7D\\uA751\\uA753\\uA755]","q":"[\\u0071\\u24E0\\uFF51\\u024B\\uA757\\uA759]","r":"[\\u0072\\u24E1\\uFF52\\u0155\\u1E59\\u0159\\u0211\\u0213\\u1E5B\\u1E5D\\u0157\\u1E5F\\u024D\\u027D\\uA75B\\uA7A7\\uA783]","s":"[\\u0073\\u24E2\\uFF53\\u015B\\u1E65\\u015D\\u1E61\\u0161\\u1E67\\u1E63\\u1E69\\u0219\\u015F\\u023F\\uA7A9\\uA785\\u1E9B]","ss":"[\\u00DF]","t":"[\\u0074\\u24E3\\uFF54\\u1E6B\\u1E97\\u0165\\u1E6D\\u021B\\u0163\\u1E71\\u1E6F\\u0167\\u01AD\\u0288\\u2C66\\uA787]","tz":"[\\uA729]","u":"[\\u0075\\u24E4\\uFF55\\u00F9\\u00FA\\u00FB\\u0169\\u1E79\\u016B\\u1E7B\\u016D\\u00FC\\u01DC\\u01D8\\u01D6\\u01DA\\u1EE7\\u016F\\u0171\\u01D4\\u0215\\u0217\\u01B0\\u1EEB\\u1EE9\\u1EEF\\u1EED\\u1EF1\\u1EE5\\u1E73\\u0173\\u1E77\\u1E75\\u0289]","v":"[\\u0076\\u24E5\\uFF56\\u1E7D\\u1E7F\\u028B\\uA75F\\u028C]","vy":"[\\uA761]","w":"[\\u0077\\u24E6\\uFF57\\u1E81\\u1E83\\u0175\\u1E87\\u1E85\\u1E98\\u1E89\\u2C73]","x":"[\\u0078\\u24E7\\uFF58\\u1E8B\\u1E8D]","y":"[\\u0079\\u24E8\\uFF59\\u1EF3\\u00FD\\u0177\\u1EF9\\u0233\\u1E8F\\u00FF\\u1EF7\\u1E99\\u1EF5\\u01B4\\u024F\\u1EFF]","z":"[\\u007A\\u24E9\\uFF5A\\u017A\\u1E91\\u017C\\u017E\\u1E93\\u1E95\\u01B6\\u0225\\u0240\\u2C6C\\uA763]"},"researchesTests":["contentHasTOC","contentHasShortParagraphs","contentHasAssets","keywordInTitle","keywordInMetaDescription","keywordInPermalink","keywordIn10Percent","keywordInContent","keywordInSubheadings","keywordInImageAlt","keywordDensity","keywordNotUsed","lengthContent","lengthPermalink","linksHasInternal","linksHasExternals","linksNotAllExternals","titleStartWithKeyword","titleSentiment","titleHasPowerWords","titleHasNumber","hasContentAI"],"hasRedirection":false,"hasBreadcrumb":false},"homeUrl":"https:\/\/weissklima.at\/sk\/","objectID":1219,"objectType":"post","locale":"sk","localeFull":"sk_SK","overlayImages":{"play":{"name":"Play icon","url":"https:\/\/weissklima.at\/wp-content\/plugins\/seo-by-rank-math\/assets\/admin\/img\/icon-play.png","path":"\/var\/www\/vhosts\/weissprojekt.sk\/weissklima.at\/wp-content\/plugins\/seo-by-rank-math\/assets\/admin\/img\/icon-play.png","position":"middle_center"},"gif":{"name":"GIF icon","url":"https:\/\/weissklima.at\/wp-content\/plugins\/seo-by-rank-math\/assets\/admin\/img\/icon-gif.png","path":"\/var\/www\/vhosts\/weissprojekt.sk\/weissklima.at\/wp-content\/plugins\/seo-by-rank-math\/assets\/admin\/img\/icon-gif.png","position":"middle_center"}},"defautOgImage":"https:\/\/weissklima.at\/wp-content\/plugins\/seo-by-rank-math\/assets\/admin\/img\/social-placeholder.jpg","customPermalinks":true,"isUserRegistered":false,"autoSuggestKeywords":false,"connectSiteUrl":"https:\/\/rankmath.com\/auth?site=https%3A%2F%2Fweissklima.at%2Fsk%2F&r=https%3A%2F%2Fweissklima.at%2Fsk%2Fwp-json%2Fwp%2Fv2%2Fpages%2F1219%3Fnonce%3D0c3cc228df","maxTags":5,"trendsIcon":"<svg viewBox=\"0 0 610 610\"><path d=\"M18.85,446,174.32,290.48l58.08,58.08L76.93,504a14.54,14.54,0,0,1-20.55,0L18.83,466.48a14.54,14.54,0,0,1,0-20.55Z\" style=\"fill:#4285f4\"\/><path d=\"M242.65,242.66,377.59,377.6l-47.75,47.75a14.54,14.54,0,0,1-20.55,0L174.37,290.43l47.75-47.75A14.52,14.52,0,0,1,242.65,242.66Z\" style=\"fill:#ea4335\"\/><polygon points=\"319.53 319.53 479.26 159.8 537.34 217.88 377.61 377.62 319.53 319.53\" style=\"fill:#fabb05\"\/><path d=\"M594.26,262.73V118.61h0a16.94,16.94,0,0,0-16.94-16.94H433.2a16.94,16.94,0,0,0-12,28.92L565.34,274.71h0a16.94,16.94,0,0,0,28.92-12Z\" style=\"fill:#34a853\"\/><rect width=\"610\" height=\"610\" style=\"fill:none\"\/><\/svg>","showScore":true,"siteFavIcon":"data:image\/png;base64,iVBORw0KGgoAAAANSUhEUgAAABAAAAAQCAYAAAAf8\/9hAAABs0lEQVR4AWL4\/\/8\/RRjO8Iucx+noO0MWUDo16FYABMGP6ZfUcRnWtm27jVPbtm3bttuH2t3eFPcY9pLz7NxiLjCyVd87pKnHyqXyxtCs8APd0rnyxiu4qSeA3QEDrAwBDrT1s1Rc\/OrjLZwqVmOSu6+Lamcpp2KKMA9PH1BYXMe1mUP5qotvXTywsOEEYHXxrY+3cqk6TMkYpNr2FeoY3KIr0RPtn9wQ2unlA+GMkRw6+9TFw4YTwDUzx\/JVvARj9KaedXRO8P5B1Du2S32smzqUrcKGEyA+uAgQjKX7zf0boWHGfn71jIKj2689gxp7OAGShNcBUmLMPVjZuiKcA2vuWHHDCQxMCz629kXAIU4ApY15QwggAFbfOP9DhgBJ+nWVJ1AZAfICAj1pAlY6hCADZnveQf7bQIwzVONGJonhLIlS9gr5mFg44Xd+4S3XHoGNPdJl1INIwKyEgHckEhgTe1bGiFY9GSFBYUwLh1IkiJUbY407E7syBSFxKTszEoiE\/YdrgCEayDmtaJwCI9uu8TKMuZSVfSa4BpGgzvomBR\/INhLGzrqDotp01ZR8pn\/1L0JN9d9XNyx0AAAAAElFTkSuQmCC","canUser":{"general":false,"advanced":false,"snippet":false,"social":false,"analysis":false,"analytics":false,"content_ai":false},"showKeywordIntent":true,"isPro":false,"is_front_page":false,"trendsUpgradeLink":"https:\/\/rankmath.com\/pricing\/?utm_source=Plugin&utm_medium=CE%20General%20Tab%20Trends&utm_campaign=WP","trendsUpgradeLabel":"Upgrade","trendsPreviewImage":"https:\/\/weissklima.at\/wp-content\/plugins\/seo-by-rank-math\/assets\/admin\/img\/trends-preview.jpg","currentEditor":false,"homepageData":{"assessor":{"powerWords":[],"diacritics":true,"researchesTests":["contentHasTOC","contentHasShortParagraphs","contentHasAssets","keywordInTitle","keywordInMetaDescription","keywordInPermalink","keywordIn10Percent","keywordInContent","keywordInSubheadings","keywordInImageAlt","keywordDensity","keywordNotUsed","lengthContent","lengthPermalink","linksHasInternal","linksHasExternals","linksNotAllExternals","titleStartWithKeyword","titleSentiment","titleHasPowerWords","titleHasNumber","hasContentAI"],"hasBreadcrumb":false,"serpData":{"title":"%sitename% %page% %sep% %sitedesc%","description":"","titleTemplate":"%sitename% %page% %sep% %sitedesc%","descriptionTemplate":"","focusKeywords":"","breadcrumbTitle":"Home","robots":{"index":true},"advancedRobots":[],"facebookTitle":"","facebookDescription":"","facebookImage":"","facebookImageID":""}}},"tocTitle":"Table of Contents","tocExcludeHeadings":[],"listStyle":"ul"},"_links":{"self":[{"href":"https:\/\/weissklima.at\/sk\/wp-json\/wp\/v2\/pages\/1219","targetHints":{"allow":["GET"]}}],"collection":[{"href":"https:\/\/weissklima.at\/sk\/wp-json\/wp\/v2\/pages"}],"about":[{"href":"https:\/\/weissklima.at\/sk\/wp-json\/wp\/v2\/types\/page"}],"author":[{"embeddable":true,"href":"https:\/\/weissklima.at\/sk\/wp-json\/wp\/v2\/users\/2"}],"replies":[{"embeddable":true,"href":"https:\/\/weissklima.at\/sk\/wp-json\/wp\/v2\/comments?post=1219"}],"version-history":[{"count":4,"href":"https:\/\/weissklima.at\/sk\/wp-json\/wp\/v2\/pages\/1219\/revisions"}],"predecessor-version":[{"id":1346,"href":"https:\/\/weissklima.at\/sk\/wp-json\/wp\/v2\/pages\/1219\/revisions\/1346"}],"wp:featuredmedia":[{"embeddable":true,"href":"https:\/\/weissklima.at\/sk\/wp-json\/wp\/v2\/media\/1363"}],"wp:attachment":[{"href":"https:\/\/weissklima.at\/sk\/wp-json\/wp\/v2\/media?parent=1219"}],"curies":[{"name":"wp","href":"https:\/\/api.w.org\/{rel}","templated":true}]}}