{"id":1535,"date":"2024-12-09T08:56:01","date_gmt":"2024-12-09T08:56:01","guid":{"rendered":"https:\/\/weissklima.at\/schutz-personenbezogener-daten\/"},"modified":"2024-12-09T08:56:01","modified_gmt":"2024-12-09T08:56:01","slug":"schutz-personenbezogener-daten","status":"publish","type":"page","link":"https:\/\/weissklima.at\/at\/schutz-personenbezogener-daten\/","title":{"rendered":"Schutz personenbezogener Daten"},"content":{"rendered":"<p><strong>Grunds\u00e4tze zum Schutz personenbezogener Daten gem\u00e4\u00df DSGVO<\/strong><\/p>\n<p><a href=\"https:\/\/weissklima.at\/at\/\">https:\/\/weissklima.at\/<\/a><\/p>\n<p>Diese Datenschutzrichtlinie (nachfolgend auch \u201eRichtlinie\u201c genannt) enth\u00e4lt Informationen \u00fcber die Verarbeitung Ihrer personenbezogenen Daten durch die Gesellschaft Klimatechnik Weiss, s.r.o., mit Sitz in Brnianska 2714\/2, 911 05 Tren\u010d\u00edn, Identifikationsnummer: 53 310 144, eingetragen im Handelsregister des Bezirksgerichts Tren\u010d\u00edn, Abteilung Sro, Einlage-Nr. 40763\/R (nachfolgend auch als \u201eVerantwortlicher\u201c bezeichnet), die \u00fcber unsere Website <a href=\"https:\/\/weissklima.at\/at\/\">https:\/\/weissklima.at\/<\/a> (nachfolgend auch \u201eWebsite\u201c) sowie \u00fcber unsere auf sozialen Netzwerken betriebenen Profile erfolgt. <\/p>\n<p>Ziel dieser Richtlinie ist es, Ihnen Informationen dar\u00fcber bereitzustellen, welche personenbezogenen Daten der Verantwortliche erhebt, wie und warum diese Daten verwendet werden, aus welchen Quellen sie stammen, insbesondere zu welchem Zweck sie erhoben werden und an wen diese personenbezogenen Daten weitergegeben werden d\u00fcrfen.<\/p>\n<p>Der Verantwortliche verarbeitet Ihre personenbezogenen Daten in \u00dcbereinstimmung mit der Verordnung (EU) 2016\/679 des Europ\u00e4ischen Parlaments und des Rates zum Schutz nat\u00fcrlicher Personen bei der Verarbeitung personenbezogener Daten und zum freien Datenverkehr, mit der die Richtlinie 95\/46\/EG aufgehoben wird (nachfolgend auch \u201eVerordnung\u201c genannt), den einschl\u00e4gigen slowakischen Rechtsvorschriften \u2013 insbesondere dem Gesetz Nr. 18\/2018 Slg. \u00fcber den Schutz personenbezogener Daten sowie \u00fcber die \u00c4nderung und Erg\u00e4nzung einiger Gesetze \u2013 sowie anderen geltenden Datenschutzvorschriften. <\/p>\n<p>Der Verantwortliche bewertet und aktualisiert regelm\u00e4\u00dfig seine Prozesse, um sicherzustellen, dass alle gespeicherten personenbezogenen Daten auf h\u00f6chstem Niveau gesch\u00fctzt sind.<\/p>\n<p>Den Verantwortlichen k\u00f6nnen Sie in Angelegenheiten im Zusammenhang mit der Verarbeitung und dem Schutz personenbezogener Daten schriftlich unter der Adresse Brnianska 2714\/2, 911 05 Tren\u010d\u00edn oder per E-Mail an info@ktw-klima.com kontaktieren. Der Verantwortliche hat im Bereich der Verarbeitung und des Schutzes personenbezogener Daten keine Datenschutzbeauftragte Person benannt. <\/p>\n<p>Der Verantwortliche erhebt Ihre personenbezogenen Daten \u00fcber seine Website oder \u00fcber sein Profil in sozialen Netzwerken direkt von Ihnen, sofern Sie ihm diese Daten selbst zur Verf\u00fcgung stellen. Die Bereitstellung Ihrer personenbezogenen Daten erfolgt freiwillig und stellt weder eine gesetzliche noch eine vertragliche Verpflichtung dar. <\/p>\n<p>Der Verantwortliche ist berechtigt, Ihre personenbezogenen Daten ausschlie\u00dflich im Einklang mit dem Grundsatz der Datenminimierung zu verarbeiten. Das bedeutet, dass er von Ihnen keine personenbezogenen Daten verlangt, die f\u00fcr einen bestimmten und gerechtfertigten Verarbeitungszweck nicht erforderlich sind. Der Verantwortliche verarbeitet personenbezogene Daten nur dann, wenn eine rechtliche Grundlage f\u00fcr die Verarbeitung besteht \u2013 somit erfolgt die Verarbeitung im Einklang mit dem Grundsatz der Rechtm\u00e4\u00dfigkeit. Dabei handelt es sich insbesondere um folgende Daten:   <\/p>\n<ul>\n<li>Kontaktdaten \u2013 Vorname, Nachname, Adresse, Telefonnummer, E-Mail-Adresse, Benutzername in sozialen Netzwerken<\/li>\n<li>IP-Adresse, Daten \u00fcber Ihre Aktivit\u00e4ten auf der Website des Verantwortlichen, Angaben zu Ihren Pr\u00e4ferenzen im Online-Umfeld, Informationen \u00fcber den verwendeten Browsertyp und Ger\u00e4tetyp, Angaben zum Betriebssystem des Ger\u00e4ts sowie Daten \u00fcber das verwendete Netzwerk und Subnetz.<\/li>\n<\/ul>\n<p>Mit dieser Erkl\u00e4rung erteilen Sie Ihre Einwilligung zur Verarbeitung und Nutzung Ihrer personenbezogenen Daten zu Marketingzwecken.<\/p>\n<p>Der Verantwortliche hat zum Schutz Ihrer personenbezogenen Daten angemessene Sicherheitsma\u00dfnahmen ergriffen, die sowohl auf organisatorischer als auch auf technischer Ebene dokumentiert sind.<\/p>\n<p>Der Verantwortliche ist in bestimmten F\u00e4llen verpflichtet, Ihre personenbezogenen Daten an \u00f6ffentliche Stellen weiterzugeben, die zur Verarbeitung dieser Daten berechtigt sind \u2013 beispielsweise an Gerichte, Strafverfolgungsbeh\u00f6rden sowie Aufsichts- und Kontrollorgane (z.\u202fB. an das Amt f\u00fcr den Schutz personenbezogener Daten im Rahmen einer Kontrolle).<\/p>\n<p>Der Verantwortliche ist berechtigt, Ihre personenbezogenen Daten auch an seine Auftragsverarbeiter weiterzugeben \u2013 das hei\u00dft an externe Stellen, die Ihre personenbezogenen Daten im Auftrag des Verantwortlichen verarbeiten. Die Auftragsverarbeiter verarbeiten Ihre personenbezogenen Daten auf Grundlage eines mit dem Verantwortlichen geschlossenen Vertrags, in dem sie sich verpflichtet haben, angemessene technische und sicherheitsrelevante Ma\u00dfnahmen zum sicheren Umgang mit Ihren personenbezogenen Daten zu treffen. Zu den Auftragsverarbeitern des Verantwortlichen geh\u00f6ren insbesondere:  <\/p>\n<ul>\n<li>Dienstleister f\u00fcr Buchhaltungsleistungen<\/li>\n<li>Subjekt Dienstleister im Bereich Webentwicklung, Programmierung, Erstellung und Anpassung von Websites sowie damit verbundenen IT- und Online-Marketing-Dienstleistungen<\/li>\n<li>Dienstleister f\u00fcr Hosting-Leistungen.<\/li>\n<\/ul>\n<p>F\u00fcr den Fall, dass Sie dem Verantwortlichen Ihre Einwilligung zur Speicherung von Analyse- und Marketing-Cookies erteilen, k\u00f6nnen Ihre personenbezogenen Daten an Orte innerhalb der Europ\u00e4ischen Union sowie in Drittl\u00e4nder \u2013 einschlie\u00dflich der USA \u2013 \u00fcbermittelt werden, sofern diese entweder ein angemessenes Datenschutzniveau gem\u00e4\u00df Artikel 45 der Verordnung gew\u00e4hrleisten oder geeignete Garantien gem\u00e4\u00df Artikel 46 der Verordnung bieten.<\/p>\n<p>Auf Grundlage Ihrer Einwilligung verbleiben Ihre vom Verantwortlichen verarbeiteten personenbezogenen Daten f\u00fcr einen Zeitraum von 10 Jahren beim Verantwortlichen gespeichert, sofern Sie Ihre Einwilligung nicht vorher widerrufen.<\/p>\n<p>Ihre Rechte im Zusammenhang mit der Verarbeitung Ihrer personenbezogenen Daten sind wie folgt:<\/p>\n<ul>\n<li><em>Recht auf Auskunft <\/em><\/li>\n<\/ul>\n<p>Als betroffene Person haben Sie das Recht, vom Verantwortlichen eine Best\u00e4tigung dar\u00fcber zu erhalten, ob Ihre personenbezogenen Daten verarbeitet werden. Ist dies der Fall, haben Sie das Recht auf Zugang zu diesen personenbezogenen Daten sowie auf die Informationen gem\u00e4\u00df Artikel 15 der Verordnung. Der Verantwortliche ist verpflichtet, Ihnen eine Kopie der personenbezogenen Daten, die verarbeitet werden, zur Verf\u00fcgung zu stellen. Wenn Sie den Antrag auf elektronischem Wege stellen, wird Ihnen der Verantwortliche die Informationen in einem g\u00e4ngigen elektronischen Format zur Verf\u00fcgung stellen, sofern Sie keine andere Form beantragen.   <\/p>\n<ul>\n<li><em>Recht auf Berichtigung<\/em><\/li>\n<\/ul>\n<p>Zum Zweck der Gew\u00e4hrleistung der Richtigkeit, Vollst\u00e4ndigkeit und Aktualit\u00e4t Ihrer personenbezogenen Daten hat der Verantwortliche angemessene Ma\u00dfnahmen getroffen. Als betroffene Person haben Sie das Recht, vom Verantwortlichen die unverz\u00fcgliche Berichtigung unrichtiger personenbezogener Daten oder die Vervollst\u00e4ndigung unvollst\u00e4ndiger personenbezogener Daten zu verlangen. <\/p>\n<ul>\n<li><em>Recht auf Widerspruch gegen die Verarbeitung<\/em><\/li>\n<\/ul>\n<p>Sie haben das Recht, der Verarbeitung Ihrer personenbezogenen Daten zu widersprechen \u2013 insbesondere, wenn der Verantwortliche Ihre Daten auf Grundlage eines berechtigten Interesses verarbeitet oder wenn die Verarbeitung Profiling umfasst. Wenn Sie gegen eine solche Verarbeitung Widerspruch einlegen, wird der Verantwortliche Ihre personenbezogenen Daten nicht weiterverarbeiten, es sei denn, er kann zwingende berechtigte Gr\u00fcnde f\u00fcr die weitere Verarbeitung nachweisen. <\/p>\n<ul>\n<li><em>Recht auf L\u00f6schung <\/em><\/li>\n<\/ul>\n<p>Sie haben das Recht, vom Verantwortlichen die unverz\u00fcgliche L\u00f6schung Ihrer personenbezogenen Daten zu verlangen, sofern bestimmte Voraussetzungen erf\u00fcllt sind \u2013 zum Beispiel, wenn die personenbezogenen Daten f\u00fcr die Zwecke, f\u00fcr die sie erhoben oder verarbeitet wurden, nicht mehr erforderlich sind. Dieses Recht ist jedoch im Einzelfall zu pr\u00fcfen, da es Situationen geben kann, in denen der Verantwortliche aus anderen Gr\u00fcnden (z.\u202fB. aufgrund gesetzlicher Verpflichtungen) an der L\u00f6schung Ihrer personenbezogenen Daten gehindert ist. In einem solchen Fall kann der Verantwortliche Ihrem L\u00f6schersuchen nicht entsprechen.  <\/p>\n<ul>\n<li><em>Recht auf Einschr\u00e4nkung der Verarbeitung <\/em><\/li>\n<\/ul>\n<p>Sie haben das Recht, vom Verantwortlichen die Einschr\u00e4nkung der Verarbeitung Ihrer personenbezogenen Daten zu verlangen. Dies gilt beispielsweise, wenn Sie die Richtigkeit Ihrer personenbezogenen Daten bestreiten, wenn die Verarbeitung unrechtm\u00e4\u00dfig ist und Sie statt der L\u00f6schung die Einschr\u00e4nkung der Nutzung verlangen oder wenn der Verantwortliche Ihre personenbezogenen Daten f\u00fcr die Zwecke der Verarbeitung nicht mehr ben\u00f6tigt, Sie diese jedoch zur Geltendmachung, Aus\u00fcbung oder Verteidigung von Rechtsanspr\u00fcchen ben\u00f6tigen. Der Verantwortliche wird die Verarbeitung Ihrer personenbezogenen Daten einschr\u00e4nken, wenn Sie dies beantragen.  <\/p>\n<ul>\n<li><em>Recht auf Daten\u00fcbertragbarkeit<\/em><\/li>\n<\/ul>\n<p>Unter bestimmten Umst\u00e4nden haben Sie das Recht, Ihre personenbezogenen Daten an einen anderen Verantwortlichen, den Sie benennen, \u00fcbertragen zu lassen. Dieses Recht auf Daten\u00fcbertragbarkeit gilt jedoch nur f\u00fcr personenbezogene Daten, die vom Verantwortlichen auf Grundlage Ihrer Einwilligung, eines Vertrags, bei dem Sie Vertragspartei sind, oder mithilfe automatisierter Verfahren verarbeitet werden. <\/p>\n<ul>\n<li><em>Recht auf Widerruf der Einwilligung<\/em><\/li>\n<\/ul>\n<p>Wenn der Verantwortliche Ihre personenbezogenen Daten auf Grundlage Ihrer Einwilligung verarbeitet, haben Sie das Recht, diese Einwilligung jederzeit in der gleichen Form zu widerrufen, in der Sie sie erteilt haben. Der Widerruf der Einwilligung hat keinen Einfluss auf die Rechtm\u00e4\u00dfigkeit der Verarbeitung Ihrer personenbezogenen Daten, die vor dem Widerruf erfolgt ist. <\/p>\n<ul>\n<li><em>Recht auf Beschwerde oder Eingabe<\/em><\/li>\n<\/ul>\n<p>Wenn Sie der Meinung sind, dass Ihre personenbezogenen Daten in Widerspruch zu den geltenden Rechtsvorschriften verarbeitet werden, k\u00f6nnen Sie eine Beschwerde bei der Aufsichtsbeh\u00f6rde einreichen. Zust\u00e4ndig ist das Amt f\u00fcr den Schutz personenbezogener Daten der Slowakischen Republik mit Sitz in N\u00e1mestie 1. m\u00e1ja 18, 811 06 Bratislava; Website: dataprotection.gov.sk, Tel.: 02\/3231 3214, E-Mail: statny.dozor@pdp.gov.sk.<\/p>\n<p>Diese Richtlinie ist ab dem 01.01.2025 g\u00fcltig und wirksam. Da es in Zukunft erforderlich sein kann, die in dieser Richtlinie enthaltenen Informationen \u00fcber die Verarbeitung personenbezogener Daten zu aktualisieren, wird empfohlen, diese regelm\u00e4\u00dfig zu \u00fcberpr\u00fcfen, um \u00fcber etwaige \u00c4nderungen informiert zu bleiben, ist der Verantwortliche berechtigt, diese Richtlinie jederzeit zu aktualisieren. In einem solchen Fall ist der Verantwortliche verpflichtet, Sie im Voraus in geeigneter Weise dar\u00fcber zu informieren.  <\/p>\n","protected":false},"excerpt":{"rendered":"<p>Grunds\u00e4tze zum Schutz personenbezogener Daten gem\u00e4\u00df DSGVO https:\/\/weissklima.at\/ Diese Datenschutzrichtlinie (nachfolgend auch \u201eRichtlinie\u201c genannt) enth\u00e4lt Informationen \u00fcber die Verarbeitung Ihrer personenbezogenen Daten durch die Gesellschaft Klimatechnik Weiss, s.r.o., mit Sitz in Brnianska 2714\/2, 911 05 Tren\u010d\u00edn, Identifikationsnummer: 53 310 144, eingetragen im Handelsregister des Bezirksgerichts Tren\u010d\u00edn, Abteilung Sro, Einlage-Nr. 40763\/R (nachfolgend auch als \u201eVerantwortlicher\u201c bezeichnet), [&hellip;]<\/p>\n","protected":false},"author":1,"featured_media":0,"parent":0,"menu_order":0,"comment_status":"closed","ping_status":"closed","template":"templates\/static.php","meta":{"_acf_changed":false,"inline_featured_image":false,"_glsr_average":0,"_glsr_ranking":0,"_glsr_reviews":0,"footnotes":""},"class_list":["post-1535","page","type-page","status-publish","hentry"],"acf":[],"rankMath":{"parentDomain":"weissklima.at","noFollowDomains":[],"noFollowExcludeDomains":[],"noFollowExternalLinks":false,"featuredImageNotice":"The featured image should be at least 200 by 200 pixels to be picked up by Facebook and other social media sites.","pluginReviewed":false,"postSettings":{"linkSuggestions":true,"useFocusKeyword":false},"frontEndScore":false,"postName":"schutz-personenbezogener-daten","permalinkFormat":"https:\/\/weissklima.at\/at\/%pagename%\/","showLockModifiedDate":true,"assessor":{"focusKeywordLink":"https:\/\/weissklima.at\/wp-admin\/edit.php?focus_keyword=%focus_keyword%&post_type=%post_type%","hasTOCPlugin":false,"primaryTaxonomy":false,"serpData":{"title":"","description":"","focusKeywords":"","pillarContent":false,"canonicalUrl":"","breadcrumbTitle":"","advancedRobots":[],"facebookTitle":"","facebookDescription":"","facebookImage":"","facebookImageID":"","facebookHasOverlay":false,"facebookImageOverlay":"","facebookAuthor":"","twitterCardType":"","twitterUseFacebook":true,"twitterTitle":"","twitterDescription":"","twitterImage":"","twitterImageID":"","twitterHasOverlay":false,"twitterImageOverlay":"","twitterPlayerUrl":"","twitterPlayerSize":"","twitterPlayerStream":"","twitterPlayerStreamCtype":"","twitterAppDescription":"","twitterAppIphoneName":"","twitterAppIphoneID":"","twitterAppIphoneUrl":"","twitterAppIpadName":"","twitterAppIpadID":"","twitterAppIpadUrl":"","twitterAppGoogleplayName":"","twitterAppGoogleplayID":"","twitterAppGoogleplayUrl":"","twitterAppCountry":"","robots":{"index":true},"twitterAuthor":"username","primaryTerm":0,"authorName":"admin","titleTemplate":"%title% %sep% %sitename%","descriptionTemplate":"%excerpt%","showScoreFrontend":true,"lockModifiedDate":false},"powerWords":[],"diacritics":{"A":"[\\u0041\\u24B6\\uFF21\\u00C0\\u00C1\\u00C2\\u1EA6\\u1EA4\\u1EAA\\u1EA8\\u00C3\\u0100\\u0102\\u1EB0\\u1EAE\\u1EB4\\u1EB2\\u0226\\u01E0\\u00C4\\u01DE\\u1EA2\\u00C5\\u01FA\\u01CD\\u0200\\u0202\\u1EA0\\u1EAC\\u1EB6\\u1E00\\u0104\\u023A\\u2C6F]","AA":"[\\uA732]","AE":"[\\u00C6\\u01FC\\u01E2]","AO":"[\\uA734]","AU":"[\\uA736]","AV":"[\\uA738\\uA73A]","AY":"[\\uA73C]","B":"[\\u0042\\u24B7\\uFF22\\u1E02\\u1E04\\u1E06\\u0243\\u0182\\u0181]","C":"[\\u0043\\u24B8\\uFF23\\u0106\\u0108\\u010A\\u010C\\u00C7\\u1E08\\u0187\\u023B\\uA73E]","D":"[\\u0044\\u24B9\\uFF24\\u1E0A\\u010E\\u1E0C\\u1E10\\u1E12\\u1E0E\\u0110\\u018B\\u018A\\u0189\\uA779]","DZ":"[\\u01F1\\u01C4]","Dz":"[\\u01F2\\u01C5]","E":"[\\u0045\\u24BA\\uFF25\\u00C8\\u00C9\\u00CA\\u1EC0\\u1EBE\\u1EC4\\u1EC2\\u1EBC\\u0112\\u1E14\\u1E16\\u0114\\u0116\\u00CB\\u1EBA\\u011A\\u0204\\u0206\\u1EB8\\u1EC6\\u0228\\u1E1C\\u0118\\u1E18\\u1E1A\\u0190\\u018E]","F":"[\\u0046\\u24BB\\uFF26\\u1E1E\\u0191\\uA77B]","G":"[\\u0047\\u24BC\\uFF27\\u01F4\\u011C\\u1E20\\u011E\\u0120\\u01E6\\u0122\\u01E4\\u0193\\uA7A0\\uA77D\\uA77E]","H":"[\\u0048\\u24BD\\uFF28\\u0124\\u1E22\\u1E26\\u021E\\u1E24\\u1E28\\u1E2A\\u0126\\u2C67\\u2C75\\uA78D]","I":"[\\u0049\\u24BE\\uFF29\\u00CC\\u00CD\\u00CE\\u0128\\u012A\\u012C\\u0130\\u00CF\\u1E2E\\u1EC8\\u01CF\\u0208\\u020A\\u1ECA\\u012E\\u1E2C\\u0197]","J":"[\\u004A\\u24BF\\uFF2A\\u0134\\u0248]","K":"[\\u004B\\u24C0\\uFF2B\\u1E30\\u01E8\\u1E32\\u0136\\u1E34\\u0198\\u2C69\\uA740\\uA742\\uA744\\uA7A2]","L":"[\\u004C\\u24C1\\uFF2C\\u013F\\u0139\\u013D\\u1E36\\u1E38\\u013B\\u1E3C\\u1E3A\\u0141\\u023D\\u2C62\\u2C60\\uA748\\uA746\\uA780]","LJ":"[\\u01C7]","Lj":"[\\u01C8]","M":"[\\u004D\\u24C2\\uFF2D\\u1E3E\\u1E40\\u1E42\\u2C6E\\u019C]","N":"[\\u004E\\u24C3\\uFF2E\\u01F8\\u0143\\u00D1\\u1E44\\u0147\\u1E46\\u0145\\u1E4A\\u1E48\\u0220\\u019D\\uA790\\uA7A4]","NJ":"[\\u01CA]","Nj":"[\\u01CB]","O":"[\\u004F\\u24C4\\uFF2F\\u00D2\\u00D3\\u00D4\\u1ED2\\u1ED0\\u1ED6\\u1ED4\\u00D5\\u1E4C\\u022C\\u1E4E\\u014C\\u1E50\\u1E52\\u014E\\u022E\\u0230\\u00D6\\u022A\\u1ECE\\u0150\\u01D1\\u020C\\u020E\\u01A0\\u1EDC\\u1EDA\\u1EE0\\u1EDE\\u1EE2\\u1ECC\\u1ED8\\u01EA\\u01EC\\u00D8\\u01FE\\u0186\\u019F\\uA74A\\uA74C]","OI":"[\\u01A2]","OO":"[\\uA74E]","OU":"[\\u0222]","P":"[\\u0050\\u24C5\\uFF30\\u1E54\\u1E56\\u01A4\\u2C63\\uA750\\uA752\\uA754]","Q":"[\\u0051\\u24C6\\uFF31\\uA756\\uA758\\u024A]","R":"[\\u0052\\u24C7\\uFF32\\u0154\\u1E58\\u0158\\u0210\\u0212\\u1E5A\\u1E5C\\u0156\\u1E5E\\u024C\\u2C64\\uA75A\\uA7A6\\uA782]","S":"[\\u0053\\u24C8\\uFF33\\u1E9E\\u015A\\u1E64\\u015C\\u1E60\\u0160\\u1E66\\u1E62\\u1E68\\u0218\\u015E\\u2C7E\\uA7A8\\uA784]","T":"[\\u0054\\u24C9\\uFF34\\u1E6A\\u0164\\u1E6C\\u021A\\u0162\\u1E70\\u1E6E\\u0166\\u01AC\\u01AE\\u023E\\uA786]","TZ":"[\\uA728]","U":"[\\u0055\\u24CA\\uFF35\\u00D9\\u00DA\\u00DB\\u0168\\u1E78\\u016A\\u1E7A\\u016C\\u00DC\\u01DB\\u01D7\\u01D5\\u01D9\\u1EE6\\u016E\\u0170\\u01D3\\u0214\\u0216\\u01AF\\u1EEA\\u1EE8\\u1EEE\\u1EEC\\u1EF0\\u1EE4\\u1E72\\u0172\\u1E76\\u1E74\\u0244]","V":"[\\u0056\\u24CB\\uFF36\\u1E7C\\u1E7E\\u01B2\\uA75E\\u0245]","VY":"[\\uA760]","W":"[\\u0057\\u24CC\\uFF37\\u1E80\\u1E82\\u0174\\u1E86\\u1E84\\u1E88\\u2C72]","X":"[\\u0058\\u24CD\\uFF38\\u1E8A\\u1E8C]","Y":"[\\u0059\\u24CE\\uFF39\\u1EF2\\u00DD\\u0176\\u1EF8\\u0232\\u1E8E\\u0178\\u1EF6\\u1EF4\\u01B3\\u024E\\u1EFE]","Z":"[\\u005A\\u24CF\\uFF3A\\u0179\\u1E90\\u017B\\u017D\\u1E92\\u1E94\\u01B5\\u0224\\u2C7F\\u2C6B\\uA762]","a":"[\\u0061\\u24D0\\uFF41\\u1E9A\\u00E0\\u00E1\\u00E2\\u1EA7\\u1EA5\\u1EAB\\u1EA9\\u00E3\\u0101\\u0103\\u1EB1\\u1EAF\\u1EB5\\u1EB3\\u0227\\u01E1\\u00E4\\u01DF\\u1EA3\\u00E5\\u01FB\\u01CE\\u0201\\u0203\\u1EA1\\u1EAD\\u1EB7\\u1E01\\u0105\\u2C65\\u0250]","aa":"[\\uA733]","ae":"[\\u00E6\\u01FD\\u01E3]","ao":"[\\uA735]","au":"[\\uA737]","av":"[\\uA739\\uA73B]","ay":"[\\uA73D]","b":"[\\u0062\\u24D1\\uFF42\\u1E03\\u1E05\\u1E07\\u0180\\u0183\\u0253]","c":"[\\u0063\\u24D2\\uFF43\\u0107\\u0109\\u010B\\u010D\\u00E7\\u1E09\\u0188\\u023C\\uA73F\\u2184]","d":"[\\u0064\\u24D3\\uFF44\\u1E0B\\u010F\\u1E0D\\u1E11\\u1E13\\u1E0F\\u0111\\u018C\\u0256\\u0257\\uA77A]","dz":"[\\u01F3\\u01C6]","e":"[\\u0065\\u24D4\\uFF45\\u00E8\\u00E9\\u00EA\\u1EC1\\u1EBF\\u1EC5\\u1EC3\\u1EBD\\u0113\\u1E15\\u1E17\\u0115\\u0117\\u00EB\\u1EBB\\u011B\\u0205\\u0207\\u1EB9\\u1EC7\\u0229\\u1E1D\\u0119\\u1E19\\u1E1B\\u0247\\u025B\\u01DD]","f":"[\\u0066\\u24D5\\uFF46\\u1E1F\\u0192\\uA77C]","g":"[\\u0067\\u24D6\\uFF47\\u01F5\\u011D\\u1E21\\u011F\\u0121\\u01E7\\u0123\\u01E5\\u0260\\uA7A1\\u1D79\\uA77F]","h":"[\\u0068\\u24D7\\uFF48\\u0125\\u1E23\\u1E27\\u021F\\u1E25\\u1E29\\u1E2B\\u1E96\\u0127\\u2C68\\u2C76\\u0265]","hv":"[\\u0195]","i":"[\\u0069\\u24D8\\uFF49\\u00EC\\u00ED\\u00EE\\u0129\\u012B\\u012D\\u00EF\\u1E2F\\u1EC9\\u01D0\\u0209\\u020B\\u1ECB\\u012F\\u1E2D\\u0268\\u0131]","j":"[\\u006A\\u24D9\\uFF4A\\u0135\\u01F0\\u0249]","k":"[\\u006B\\u24DA\\uFF4B\\u1E31\\u01E9\\u1E33\\u0137\\u1E35\\u0199\\u2C6A\\uA741\\uA743\\uA745\\uA7A3]","l":"[\\u006C\\u24DB\\uFF4C\\u0140\\u013A\\u013E\\u1E37\\u1E39\\u013C\\u1E3D\\u1E3B\\u017F\\u0142\\u019A\\u026B\\u2C61\\uA749\\uA781\\uA747]","lj":"[\\u01C9]","m":"[\\u006D\\u24DC\\uFF4D\\u1E3F\\u1E41\\u1E43\\u0271\\u026F]","n":"[\\u006E\\u24DD\\uFF4E\\u01F9\\u0144\\u00F1\\u1E45\\u0148\\u1E47\\u0146\\u1E4B\\u1E49\\u019E\\u0272\\u0149\\uA791\\uA7A5]","nj":"[\\u01CC]","o":"[\\u006F\\u24DE\\uFF4F\\u00F2\\u00F3\\u00F4\\u1ED3\\u1ED1\\u1ED7\\u1ED5\\u00F5\\u1E4D\\u022D\\u1E4F\\u014D\\u1E51\\u1E53\\u014F\\u022F\\u0231\\u00F6\\u022B\\u1ECF\\u0151\\u01D2\\u020D\\u020F\\u01A1\\u1EDD\\u1EDB\\u1EE1\\u1EDF\\u1EE3\\u1ECD\\u1ED9\\u01EB\\u01ED\\u00F8\\u01FF\\u0254\\uA74B\\uA74D\\u0275]","oi":"[\\u01A3]","ou":"[\\u0223]","oo":"[\\uA74F]","p":"[\\u0070\\u24DF\\uFF50\\u1E55\\u1E57\\u01A5\\u1D7D\\uA751\\uA753\\uA755]","q":"[\\u0071\\u24E0\\uFF51\\u024B\\uA757\\uA759]","r":"[\\u0072\\u24E1\\uFF52\\u0155\\u1E59\\u0159\\u0211\\u0213\\u1E5B\\u1E5D\\u0157\\u1E5F\\u024D\\u027D\\uA75B\\uA7A7\\uA783]","s":"[\\u0073\\u24E2\\uFF53\\u015B\\u1E65\\u015D\\u1E61\\u0161\\u1E67\\u1E63\\u1E69\\u0219\\u015F\\u023F\\uA7A9\\uA785\\u1E9B]","ss":"[\\u00DF]","t":"[\\u0074\\u24E3\\uFF54\\u1E6B\\u1E97\\u0165\\u1E6D\\u021B\\u0163\\u1E71\\u1E6F\\u0167\\u01AD\\u0288\\u2C66\\uA787]","tz":"[\\uA729]","u":"[\\u0075\\u24E4\\uFF55\\u00F9\\u00FA\\u00FB\\u0169\\u1E79\\u016B\\u1E7B\\u016D\\u00FC\\u01DC\\u01D8\\u01D6\\u01DA\\u1EE7\\u016F\\u0171\\u01D4\\u0215\\u0217\\u01B0\\u1EEB\\u1EE9\\u1EEF\\u1EED\\u1EF1\\u1EE5\\u1E73\\u0173\\u1E77\\u1E75\\u0289]","v":"[\\u0076\\u24E5\\uFF56\\u1E7D\\u1E7F\\u028B\\uA75F\\u028C]","vy":"[\\uA761]","w":"[\\u0077\\u24E6\\uFF57\\u1E81\\u1E83\\u0175\\u1E87\\u1E85\\u1E98\\u1E89\\u2C73]","x":"[\\u0078\\u24E7\\uFF58\\u1E8B\\u1E8D]","y":"[\\u0079\\u24E8\\uFF59\\u1EF3\\u00FD\\u0177\\u1EF9\\u0233\\u1E8F\\u00FF\\u1EF7\\u1E99\\u1EF5\\u01B4\\u024F\\u1EFF]","z":"[\\u007A\\u24E9\\uFF5A\\u017A\\u1E91\\u017C\\u017E\\u1E93\\u1E95\\u01B6\\u0225\\u0240\\u2C6C\\uA763]"},"researchesTests":["contentHasTOC","contentHasShortParagraphs","contentHasAssets","keywordInTitle","keywordInMetaDescription","keywordInPermalink","keywordIn10Percent","keywordInContent","keywordInSubheadings","keywordInImageAlt","keywordDensity","keywordNotUsed","lengthContent","lengthPermalink","linksHasInternal","linksHasExternals","linksNotAllExternals","titleStartWithKeyword","titleSentiment","titleHasPowerWords","titleHasNumber","hasContentAI"],"hasRedirection":false,"hasBreadcrumb":false},"homeUrl":"https:\/\/weissklima.at\/at\/","objectID":1535,"objectType":"post","locale":"at","localeFull":"at_AT","overlayImages":{"play":{"name":"Play icon","url":"https:\/\/weissklima.at\/wp-content\/plugins\/seo-by-rank-math\/assets\/admin\/img\/icon-play.png","path":"\/var\/www\/vhosts\/weissprojekt.sk\/weissklima.at\/wp-content\/plugins\/seo-by-rank-math\/assets\/admin\/img\/icon-play.png","position":"middle_center"},"gif":{"name":"GIF icon","url":"https:\/\/weissklima.at\/wp-content\/plugins\/seo-by-rank-math\/assets\/admin\/img\/icon-gif.png","path":"\/var\/www\/vhosts\/weissprojekt.sk\/weissklima.at\/wp-content\/plugins\/seo-by-rank-math\/assets\/admin\/img\/icon-gif.png","position":"middle_center"}},"defautOgImage":"https:\/\/weissklima.at\/wp-content\/plugins\/seo-by-rank-math\/assets\/admin\/img\/social-placeholder.jpg","customPermalinks":true,"isUserRegistered":false,"autoSuggestKeywords":false,"connectSiteUrl":"https:\/\/rankmath.com\/auth?site=https%3A%2F%2Fweissklima.at%2Fat%2F&r=https%3A%2F%2Fweissklima.at%2Fat%2Fwp-json%2Fwp%2Fv2%2Fpages%2F1535%3Fnonce%3D2e5200f5f8","maxTags":5,"trendsIcon":"<svg viewBox=\"0 0 610 610\"><path d=\"M18.85,446,174.32,290.48l58.08,58.08L76.93,504a14.54,14.54,0,0,1-20.55,0L18.83,466.48a14.54,14.54,0,0,1,0-20.55Z\" style=\"fill:#4285f4\"\/><path d=\"M242.65,242.66,377.59,377.6l-47.75,47.75a14.54,14.54,0,0,1-20.55,0L174.37,290.43l47.75-47.75A14.52,14.52,0,0,1,242.65,242.66Z\" style=\"fill:#ea4335\"\/><polygon points=\"319.53 319.53 479.26 159.8 537.34 217.88 377.61 377.62 319.53 319.53\" style=\"fill:#fabb05\"\/><path d=\"M594.26,262.73V118.61h0a16.94,16.94,0,0,0-16.94-16.94H433.2a16.94,16.94,0,0,0-12,28.92L565.34,274.71h0a16.94,16.94,0,0,0,28.92-12Z\" style=\"fill:#34a853\"\/><rect width=\"610\" height=\"610\" style=\"fill:none\"\/><\/svg>","showScore":true,"siteFavIcon":"data:image\/png;base64,iVBORw0KGgoAAAANSUhEUgAAABAAAAAQCAYAAAAf8\/9hAAABs0lEQVR4AWL4\/\/8\/RRjO8Iucx+noO0MWUDo16FYABMGP6ZfUcRnWtm27jVPbtm3bttuH2t3eFPcY9pLz7NxiLjCyVd87pKnHyqXyxtCs8APd0rnyxiu4qSeA3QEDrAwBDrT1s1Rc\/OrjLZwqVmOSu6+Lamcpp2KKMA9PH1BYXMe1mUP5qotvXTywsOEEYHXxrY+3cqk6TMkYpNr2FeoY3KIr0RPtn9wQ2unlA+GMkRw6+9TFw4YTwDUzx\/JVvARj9KaedXRO8P5B1Du2S32smzqUrcKGEyA+uAgQjKX7zf0boWHGfn71jIKj2689gxp7OAGShNcBUmLMPVjZuiKcA2vuWHHDCQxMCz629kXAIU4ApY15QwggAFbfOP9DhgBJ+nWVJ1AZAfICAj1pAlY6hCADZnveQf7bQIwzVONGJonhLIlS9gr5mFg44Xd+4S3XHoGNPdJl1INIwKyEgHckEhgTe1bGiFY9GSFBYUwLh1IkiJUbY407E7syBSFxKTszEoiE\/YdrgCEayDmtaJwCI9uu8TKMuZSVfSa4BpGgzvomBR\/INhLGzrqDotp01ZR8pn\/1L0JN9d9XNyx0AAAAAElFTkSuQmCC","canUser":{"general":false,"advanced":false,"snippet":false,"social":false,"analysis":false,"analytics":false,"content_ai":false},"showKeywordIntent":true,"isPro":false,"is_front_page":false,"trendsUpgradeLink":"https:\/\/rankmath.com\/pricing\/?utm_source=Plugin&utm_medium=CE%20General%20Tab%20Trends&utm_campaign=WP","trendsUpgradeLabel":"Upgrade","trendsPreviewImage":"https:\/\/weissklima.at\/wp-content\/plugins\/seo-by-rank-math\/assets\/admin\/img\/trends-preview.jpg","currentEditor":false,"homepageData":{"assessor":{"powerWords":[],"diacritics":true,"researchesTests":["contentHasTOC","contentHasShortParagraphs","contentHasAssets","keywordInTitle","keywordInMetaDescription","keywordInPermalink","keywordIn10Percent","keywordInContent","keywordInSubheadings","keywordInImageAlt","keywordDensity","keywordNotUsed","lengthContent","lengthPermalink","linksHasInternal","linksHasExternals","linksNotAllExternals","titleStartWithKeyword","titleSentiment","titleHasPowerWords","titleHasNumber","hasContentAI"],"hasBreadcrumb":false,"serpData":{"title":"%sitename% %page% %sep% %sitedesc%","description":"","titleTemplate":"%sitename% %page% %sep% %sitedesc%","descriptionTemplate":"","focusKeywords":"","breadcrumbTitle":"Home","robots":{"index":true},"advancedRobots":[],"facebookTitle":"","facebookDescription":"","facebookImage":"","facebookImageID":""}}},"tocTitle":"Table of Contents","tocExcludeHeadings":[],"listStyle":"ul"},"_links":{"self":[{"href":"https:\/\/weissklima.at\/at\/wp-json\/wp\/v2\/pages\/1535","targetHints":{"allow":["GET"]}}],"collection":[{"href":"https:\/\/weissklima.at\/at\/wp-json\/wp\/v2\/pages"}],"about":[{"href":"https:\/\/weissklima.at\/at\/wp-json\/wp\/v2\/types\/page"}],"author":[{"embeddable":true,"href":"https:\/\/weissklima.at\/at\/wp-json\/wp\/v2\/users\/1"}],"replies":[{"embeddable":true,"href":"https:\/\/weissklima.at\/at\/wp-json\/wp\/v2\/comments?post=1535"}],"version-history":[{"count":0,"href":"https:\/\/weissklima.at\/at\/wp-json\/wp\/v2\/pages\/1535\/revisions"}],"wp:attachment":[{"href":"https:\/\/weissklima.at\/at\/wp-json\/wp\/v2\/media?parent=1535"}],"curies":[{"name":"wp","href":"https:\/\/api.w.org\/{rel}","templated":true}]}}